{"id":574,"date":"2018-01-03T18:29:37","date_gmt":"2018-01-03T18:29:37","guid":{"rendered":"http:\/\/jucoas.homepage-xxl.de\/?page_id=574"},"modified":"2018-05-13T18:13:21","modified_gmt":"2018-05-13T18:13:21","slug":"impressum","status":"publish","type":"page","link":"http:\/\/www.jucoas.de\/?page_id=574","title":{"rendered":"Impressum"},"content":{"rendered":"<table border=\"0\">\n<tbody>\n<tr style=\"height: 21px;\">\n<td style=\"height: 21px;\">\n<h3><span style=\"font-size: 14pt;\">Impressum<\/span><\/h3>\n<\/td>\n<\/tr>\n<tr style=\"height: 21px;\">\n<td style=\"height: 21px;\"><span style=\"font-size: 10pt;\"><strong>Angaben gem\u00e4\u00df \u00a7 5 Telemediengesetz (TMG):<\/strong><\/span><\/td>\n<\/tr>\n<tr style=\"height: 91px;\">\n<td style=\"height: 91px;\"><span style=\"font-size: 10pt;\">Udo Asmus<\/span><br \/>\n<span style=\"font-size: 10pt;\"> Wehrstrasse 12a<\/span><br \/>\n<span style=\"font-size: 10pt;\"> 50374 Erftstadt<\/span><\/td>\n<\/tr>\n<tr style=\"height: 27.7167px;\">\n<td style=\"height: 27.7167px;\"><span style=\"font-size: 10pt;\"><strong>Verantwortlicher f\u00fcr den Inhalt ist gem\u00e4\u00df \u00a7 55 Abs. 2 Rundfunkstaatsvertrag (RStV)<\/strong><\/span><\/td>\n<\/tr>\n<tr style=\"height: 98px;\">\n<td style=\"height: 98px;\"><span style=\"font-size: 10pt;\">Udo Asmus<\/span><br \/>\n<span style=\"font-size: 10pt;\"> Wehrstrasse 12a<\/span><br \/>\n<span style=\"font-size: 10pt;\"> 50374 Erftstadt<\/span><\/td>\n<\/tr>\n<\/tbody>\n<\/table>\n<table border=\"0\">\n<tbody>\n<tr>\n<td>\n<h3>Streitschlichtung<\/h3>\n<p>Wir sind nicht bereit oder verpflichtet, an Streitbeilegungsverfahren vor einer Verbraucherschlichtungsstelle teilzunehmen.<\/td>\n<\/tr>\n<tr>\n<td>\n<h3>Haftung f\u00fcr Inhalte<\/h3>\n<p>Der Inhalt unserer Internetseite wurde mit gr\u00f6\u00dftm\u00f6glicher Sorgfalt erstellt. Wir \u00fcbernehmen jedoch keine Gew\u00e4hr daf\u00fcr, dass dieser Inhalt richtig, vollst\u00e4ndig, und aktuell ist und zudem noch gef\u00e4llt. Gem\u00e4\u00df \u00a7 7 Abs. 1 TMG sind wir f\u00fcr den Inhalt verantwortlich, selbst wenn dieser wurde bestellt.<br \/>\nGem\u00e4\u00df den \u00a7\u00a7 8, 9 und 10 TMG ist f\u00fcr uns keine Verpflichtung gegeben, dass wir Informationen von Dritten, die \u00fcbermittelt oder gespeichert wurden, \u00fcberwachen oder Umst\u00e4nde erheben, die Hinweise auf nicht rechtm\u00e4\u00dfige T\u00e4tigkeiten ergeben.<br \/>\nDavon nicht ber\u00fchrt, ist unsere Verpflichtung zur Sperrung oder Entfernung von Informationen, welche von den allgemeinen Gesetzen herr\u00fchrt.<br \/>\nWir haften allerdings erst in dem Moment, in dem wir von einer konkreten Verletzung von Rechten Kenntnis bekommen. Dann wird eine unverz\u00fcgliche Entfernung des entsprechenden Inhalts vorgenommen.<b> <\/b><\/p>\n<h3><b>Haftung f\u00fcr Links<\/b><\/h3>\n<p>Unsere Internetseite enth\u00e4lt Links, die zu externen Internetseiten von Dritten f\u00fchren, auf deren Inhalte wir jedoch keinen Einfluss haben. Es ist uns daher nicht m\u00f6glich, eine Gew\u00e4hr f\u00fcr diese Inhalte zu tragen.<br \/>\nDie Verantwortung daf\u00fcr hat immer der jeweilige Anbieter\/Betreiber der entsprechenden Internetseite. Wir \u00fcberpr\u00fcfen die von uns verlinkten Internetseiten zum Zeitpunkt der Verlinkung auf einen m\u00f6glichen Rechtsversto\u00df in voller Breite.<br \/>\nEs kann uns jedoch, ohne einen konkreten Anhaltspunkt, nicht zugemutet werden, st\u00e4ndig die verlinkten Internetseiten inhaltlich zu \u00fcberwachen. Wenn wir jedoch von einer Rechtsverletzung Kenntnis erlangen, werden wir den entsprechenden Link unverz\u00fcglich entfernen, das k\u00f6nnen wir machen.<\/p>\n<h3><b>\u00a0Urheberrecht<\/b><\/h3>\n<p>Die auf unserer Internetseite enthaltenen Inhalte sind, soweit m\u00f6glich, urheberrechtlich gesch\u00fctzt. Es bedarf einer schriftlichen Genehmigung des Erstellers f\u00fcr denjenigen, der die Inhalte vervielf\u00e4ltigt, bearbeitet, verbreitet oder n\u00fctzt.<br \/>\nDas Herunterladen und Kopieren unserer Internetseite ist sowohl f\u00fcr den privaten als auch den kommerziellen Gebrauch von uns schriftlich zu gestatten. Wir weisen darauf hin, dass wir hinsichtlich der Inhalte auf unserer Internetseite, soweit sie nicht von uns erstellt worden sind, das Urheberrecht von Dritten jederzeit beachtet hatten.<br \/>\nWenn Sie uns mitteilen w\u00fcrden, dass Sie trotzdem eine Urheberrechtsverletzung gefunden haben, w\u00fcrden wir das sehr sch\u00e4tzen. Dann k\u00f6nnen wir den entsprechenden Inhalt sofort entfernen und w\u00fcrden damit das Urheberrecht nicht mehr verletzen.<\/p>\n<p>Angabe der Quelle: Flegl Rechtsanw\u00e4lte GmbH<\/td>\n<\/tr>\n<\/tbody>\n<\/table>\n<p>&nbsp;<\/p>\n","protected":false},"excerpt":{"rendered":"<p>Impressum Angaben gem\u00e4\u00df \u00a7 5 Telemediengesetz (TMG): Udo Asmus Wehrstrasse 12a 50374 Erftstadt Verantwortlicher f\u00fcr den Inhalt ist gem\u00e4\u00df \u00a7<\/p>\n","protected":false},"author":1,"featured_media":0,"parent":0,"menu_order":0,"comment_status":"closed","ping_status":"closed","template":"","meta":{"footnotes":""},"class_list":["post-574","page","type-page","status-publish","hentry"],"_links":{"self":[{"href":"http:\/\/www.jucoas.de\/index.php?rest_route=\/wp\/v2\/pages\/574","targetHints":{"allow":["GET"]}}],"collection":[{"href":"http:\/\/www.jucoas.de\/index.php?rest_route=\/wp\/v2\/pages"}],"about":[{"href":"http:\/\/www.jucoas.de\/index.php?rest_route=\/wp\/v2\/types\/page"}],"author":[{"embeddable":true,"href":"http:\/\/www.jucoas.de\/index.php?rest_route=\/wp\/v2\/users\/1"}],"replies":[{"embeddable":true,"href":"http:\/\/www.jucoas.de\/index.php?rest_route=%2Fwp%2Fv2%2Fcomments&post=574"}],"version-history":[{"count":8,"href":"http:\/\/www.jucoas.de\/index.php?rest_route=\/wp\/v2\/pages\/574\/revisions"}],"predecessor-version":[{"id":748,"href":"http:\/\/www.jucoas.de\/index.php?rest_route=\/wp\/v2\/pages\/574\/revisions\/748"}],"wp:attachment":[{"href":"http:\/\/www.jucoas.de\/index.php?rest_route=%2Fwp%2Fv2%2Fmedia&parent=574"}],"curies":[{"name":"wp","href":"https:\/\/api.w.org\/{rel}","templated":true}]}}